{"id":8714,"date":"2025-11-08T11:21:15","date_gmt":"2025-11-08T11:21:15","guid":{"rendered":"https:\/\/amore-coffees.com\/?post_type=product&#038;p=8714"},"modified":"2025-11-08T11:24:08","modified_gmt":"2025-11-08T11:24:08","slug":"red-metal-thermos-480-ml-no-2","status":"publish","type":"product","link":"https:\/\/amore-coffees.com\/tr\/urun\/red-metal-thermos-480-ml-no-2\/","title":{"rendered":"K\u0131rm\u0131z\u0131 Metal Termos 480 Ml No.2"},"content":{"rendered":"<ul>\n<li>480 ml capacity.<\/li>\n<li>The inside is stainless steel.<\/li>\n<li>\u00a0Suitable for hand washing.<\/li>\n<li>It should not be thrown into the dishwasher.<\/li>\n<\/ul>","protected":false},"excerpt":{"rendered":"<p>Amore Coffee Red Metal Stainless Steel Thermos 480 Ml No.2<\/p>","protected":false},"featured_media":8715,"comment_status":"open","ping_status":"closed","template":"","meta":{"om_disable_all_campaigns":false,"site-sidebar-layout":"default","site-content-layout":"","ast-site-content-layout":"default","site-content-style":"default","site-sidebar-style":"default","ast-global-header-display":"","ast-banner-title-visibility":"","ast-main-header-display":"","ast-hfb-above-header-display":"","ast-hfb-below-header-display":"","ast-hfb-mobile-header-display":"","site-post-title":"","ast-breadcrumbs-content":"","ast-featured-img":"","footer-sml-layout":"","ast-disable-related-posts":"","theme-transparent-header-meta":"default","adv-header-id-meta":"","stick-header-meta":"","header-above-stick-meta":"","header-main-stick-meta":"","header-below-stick-meta":"","astra-migrate-meta-layouts":"set","ast-page-background-enabled":"default","ast-page-background-meta":{"desktop":{"background-color":"","background-image":"","background-repeat":"repeat","background-position":"center center","background-size":"auto","background-attachment":"scroll","background-type":"","background-media":"","overlay-type":"","overlay-color":"","overlay-opacity":"","overlay-gradient":""},"tablet":{"background-color":"","background-image":"","background-repeat":"repeat","background-position":"center center","background-size":"auto","background-attachment":"scroll","background-type":"","background-media":"","overlay-type":"","overlay-color":"","overlay-opacity":"","overlay-gradient":""},"mobile":{"background-color":"","background-image":"","background-repeat":"repeat","background-position":"center center","background-size":"auto","background-attachment":"scroll","background-type":"","background-media":"","overlay-type":"","overlay-color":"","overlay-opacity":"","overlay-gradient":""}},"ast-content-background-meta":{"desktop":{"background-color":"var(--ast-global-color-5)","background-image":"","background-repeat":"repeat","background-position":"center center","background-size":"auto","background-attachment":"scroll","background-type":"","background-media":"","overlay-type":"","overlay-color":"","overlay-opacity":"","overlay-gradient":""},"tablet":{"background-color":"var(--ast-global-color-5)","background-image":"","background-repeat":"repeat","background-position":"center center","background-size":"auto","background-attachment":"scroll","background-type":"","background-media":"","overlay-type":"","overlay-color":"","overlay-opacity":"","overlay-gradient":""},"mobile":{"background-color":"var(--ast-global-color-5)","background-image":"","background-repeat":"repeat","background-position":"center center","background-size":"auto","background-attachment":"scroll","background-type":"","background-media":"","overlay-type":"","overlay-color":"","overlay-opacity":"","overlay-gradient":""}}},"product_brand":[75],"product_cat":[89,92],"product_tag":[91,90],"class_list":{"0":"post-8714","1":"product","2":"type-product","3":"status-publish","4":"has-post-thumbnail","6":"product_brand-amore-coffees","7":"product_cat-thermos","8":"product_cat-trending-products","9":"product_tag-stainless-steel","10":"product_tag-thermos","11":"desktop-align-center","12":"tablet-align-center","13":"mobile-align-center","15":"first","16":"instock","17":"sale","18":"featured","19":"taxable","20":"shipping-taxable","21":"purchasable","22":"product-type-simple"},"yoast_head":"<!-- This site is optimized with the Yoast SEO plugin v27.0 - https:\/\/yoast.com\/product\/yoast-seo-wordpress\/ -->\n<title>Red Metal Thermos 480 Ml No.2 - Amore Coffees<\/title>\n<meta name=\"robots\" content=\"index, follow, max-snippet:-1, max-image-preview:large, max-video-preview:-1\" \/>\n<link rel=\"canonical\" href=\"https:\/\/amore-coffees.com\/tr\/urun\/red-metal-thermos-480-ml-no-2\/\" \/>\n<meta property=\"og:locale\" content=\"tr_TR\" \/>\n<meta property=\"og:type\" content=\"article\" \/>\n<meta property=\"og:title\" content=\"Red Metal Thermos 480 Ml No.2 - Amore Coffees\" \/>\n<meta property=\"og:description\" content=\"Amore Coffee Red Metal Stainless Steel Thermos 480 Ml No.2\" \/>\n<meta property=\"og:url\" content=\"https:\/\/amore-coffees.com\/tr\/urun\/red-metal-thermos-480-ml-no-2\/\" \/>\n<meta property=\"og:site_name\" content=\"Amore Coffees\" \/>\n<meta property=\"article:modified_time\" content=\"2025-11-08T11:24:08+00:00\" \/>\n<meta property=\"og:image\" content=\"https:\/\/amore-coffees.com\/wp-content\/uploads\/2025\/11\/Amore-Coffees-Termos-480-Ml-RED-No.2-4.jpg\" \/>\n\t<meta property=\"og:image:width\" content=\"1000\" \/>\n\t<meta property=\"og:image:height\" content=\"1000\" \/>\n\t<meta property=\"og:image:type\" content=\"image\/jpeg\" \/>\n<meta name=\"twitter:card\" content=\"summary_large_image\" \/>\n<script type=\"application\/ld+json\" class=\"yoast-schema-graph\">{\"@context\":\"https:\/\/schema.org\",\"@graph\":[{\"@type\":\"WebPage\",\"@id\":\"https:\/\/amore-coffees.com\/product\/red-metal-thermos-480-ml-no-2\/\",\"url\":\"https:\/\/amore-coffees.com\/product\/red-metal-thermos-480-ml-no-2\/\",\"name\":\"Red Metal Thermos 480 Ml No.2 - Amore Coffees\",\"isPartOf\":{\"@id\":\"https:\/\/amore-coffees.com\/#website\"},\"primaryImageOfPage\":{\"@id\":\"https:\/\/amore-coffees.com\/product\/red-metal-thermos-480-ml-no-2\/#primaryimage\"},\"image\":{\"@id\":\"https:\/\/amore-coffees.com\/product\/red-metal-thermos-480-ml-no-2\/#primaryimage\"},\"thumbnailUrl\":\"https:\/\/amore-coffees.com\/wp-content\/uploads\/2025\/11\/Amore-Coffees-Termos-480-Ml-RED-No.2-4.jpg\",\"datePublished\":\"2025-11-08T11:21:15+00:00\",\"dateModified\":\"2025-11-08T11:24:08+00:00\",\"breadcrumb\":{\"@id\":\"https:\/\/amore-coffees.com\/product\/red-metal-thermos-480-ml-no-2\/#breadcrumb\"},\"inLanguage\":\"tr\",\"potentialAction\":[{\"@type\":\"ReadAction\",\"target\":[\"https:\/\/amore-coffees.com\/product\/red-metal-thermos-480-ml-no-2\/\"]}]},{\"@type\":\"ImageObject\",\"inLanguage\":\"tr\",\"@id\":\"https:\/\/amore-coffees.com\/product\/red-metal-thermos-480-ml-no-2\/#primaryimage\",\"url\":\"https:\/\/amore-coffees.com\/wp-content\/uploads\/2025\/11\/Amore-Coffees-Termos-480-Ml-RED-No.2-4.jpg\",\"contentUrl\":\"https:\/\/amore-coffees.com\/wp-content\/uploads\/2025\/11\/Amore-Coffees-Termos-480-Ml-RED-No.2-4.jpg\",\"width\":1000,\"height\":1000,\"caption\":\"Amore Coffees Termos 480 Ml RED No.2\"},{\"@type\":\"BreadcrumbList\",\"@id\":\"https:\/\/amore-coffees.com\/product\/red-metal-thermos-480-ml-no-2\/#breadcrumb\",\"itemListElement\":[{\"@type\":\"ListItem\",\"position\":1,\"name\":\"Home\",\"item\":\"https:\/\/amore-coffees.com\/\"},{\"@type\":\"ListItem\",\"position\":2,\"name\":\"Shop\",\"item\":\"https:\/\/amore-coffees.com\/shop\/\"},{\"@type\":\"ListItem\",\"position\":3,\"name\":\"Red Metal Thermos 480 Ml No.2\"}]},{\"@type\":\"WebSite\",\"@id\":\"https:\/\/amore-coffees.com\/#website\",\"url\":\"https:\/\/amore-coffees.com\/\",\"name\":\"Amore Coffees\",\"description\":\"Love Story With Coffee\",\"publisher\":{\"@id\":\"https:\/\/amore-coffees.com\/#organization\"},\"potentialAction\":[{\"@type\":\"SearchAction\",\"target\":{\"@type\":\"EntryPoint\",\"urlTemplate\":\"https:\/\/amore-coffees.com\/?s={search_term_string}\"},\"query-input\":{\"@type\":\"PropertyValueSpecification\",\"valueRequired\":true,\"valueName\":\"search_term_string\"}}],\"inLanguage\":\"tr\"},{\"@type\":\"Organization\",\"@id\":\"https:\/\/amore-coffees.com\/#organization\",\"name\":\"Amore Coffees\",\"url\":\"https:\/\/amore-coffees.com\/\",\"logo\":{\"@type\":\"ImageObject\",\"inLanguage\":\"tr\",\"@id\":\"https:\/\/amore-coffees.com\/#\/schema\/logo\/image\/\",\"url\":\"https:\/\/amore-coffees.com\/wp-content\/uploads\/2025\/10\/cropped-Amore-Coffees-Logo.png\",\"contentUrl\":\"https:\/\/amore-coffees.com\/wp-content\/uploads\/2025\/10\/cropped-Amore-Coffees-Logo.png\",\"width\":500,\"height\":500,\"caption\":\"Amore Coffees\"},\"image\":{\"@id\":\"https:\/\/amore-coffees.com\/#\/schema\/logo\/image\/\"}}]}<\/script>\n<!-- \/ Yoast SEO plugin. -->","yoast_head_json":{"title":"Red Metal Thermos 480 Ml No.2 - Amore Coffees","robots":{"index":"index","follow":"follow","max-snippet":"max-snippet:-1","max-image-preview":"max-image-preview:large","max-video-preview":"max-video-preview:-1"},"canonical":"https:\/\/amore-coffees.com\/tr\/urun\/red-metal-thermos-480-ml-no-2\/","og_locale":"tr_TR","og_type":"article","og_title":"Red Metal Thermos 480 Ml No.2 - Amore Coffees","og_description":"Amore Coffee Red Metal Stainless Steel Thermos 480 Ml No.2","og_url":"https:\/\/amore-coffees.com\/tr\/urun\/red-metal-thermos-480-ml-no-2\/","og_site_name":"Amore Coffees","article_modified_time":"2025-11-08T11:24:08+00:00","og_image":[{"width":1000,"height":1000,"url":"https:\/\/amore-coffees.com\/wp-content\/uploads\/2025\/11\/Amore-Coffees-Termos-480-Ml-RED-No.2-4.jpg","type":"image\/jpeg"}],"twitter_card":"summary_large_image","schema":{"@context":"https:\/\/schema.org","@graph":[{"@type":"WebPage","@id":"https:\/\/amore-coffees.com\/product\/red-metal-thermos-480-ml-no-2\/","url":"https:\/\/amore-coffees.com\/product\/red-metal-thermos-480-ml-no-2\/","name":"Red Metal Thermos 480 Ml No.2 - Amore Coffees","isPartOf":{"@id":"https:\/\/amore-coffees.com\/#website"},"primaryImageOfPage":{"@id":"https:\/\/amore-coffees.com\/product\/red-metal-thermos-480-ml-no-2\/#primaryimage"},"image":{"@id":"https:\/\/amore-coffees.com\/product\/red-metal-thermos-480-ml-no-2\/#primaryimage"},"thumbnailUrl":"https:\/\/amore-coffees.com\/wp-content\/uploads\/2025\/11\/Amore-Coffees-Termos-480-Ml-RED-No.2-4.jpg","datePublished":"2025-11-08T11:21:15+00:00","dateModified":"2025-11-08T11:24:08+00:00","breadcrumb":{"@id":"https:\/\/amore-coffees.com\/product\/red-metal-thermos-480-ml-no-2\/#breadcrumb"},"inLanguage":"tr","potentialAction":[{"@type":"ReadAction","target":["https:\/\/amore-coffees.com\/product\/red-metal-thermos-480-ml-no-2\/"]}]},{"@type":"ImageObject","inLanguage":"tr","@id":"https:\/\/amore-coffees.com\/product\/red-metal-thermos-480-ml-no-2\/#primaryimage","url":"https:\/\/amore-coffees.com\/wp-content\/uploads\/2025\/11\/Amore-Coffees-Termos-480-Ml-RED-No.2-4.jpg","contentUrl":"https:\/\/amore-coffees.com\/wp-content\/uploads\/2025\/11\/Amore-Coffees-Termos-480-Ml-RED-No.2-4.jpg","width":1000,"height":1000,"caption":"Amore Coffees Termos 480 Ml RED No.2"},{"@type":"BreadcrumbList","@id":"https:\/\/amore-coffees.com\/product\/red-metal-thermos-480-ml-no-2\/#breadcrumb","itemListElement":[{"@type":"ListItem","position":1,"name":"Home","item":"https:\/\/amore-coffees.com\/"},{"@type":"ListItem","position":2,"name":"Shop","item":"https:\/\/amore-coffees.com\/shop\/"},{"@type":"ListItem","position":3,"name":"Red Metal Thermos 480 Ml No.2"}]},{"@type":"WebSite","@id":"https:\/\/amore-coffees.com\/#website","url":"https:\/\/amore-coffees.com\/","name":"Amore Coffees","description":"Kahve ile A\u015fk Hikayesi","publisher":{"@id":"https:\/\/amore-coffees.com\/#organization"},"potentialAction":[{"@type":"SearchAction","target":{"@type":"EntryPoint","urlTemplate":"https:\/\/amore-coffees.com\/?s={search_term_string}"},"query-input":{"@type":"PropertyValueSpecification","valueRequired":true,"valueName":"search_term_string"}}],"inLanguage":"tr"},{"@type":"Organization","@id":"https:\/\/amore-coffees.com\/#organization","name":"Amore Coffees","url":"https:\/\/amore-coffees.com\/","logo":{"@type":"ImageObject","inLanguage":"tr","@id":"https:\/\/amore-coffees.com\/#\/schema\/logo\/image\/","url":"https:\/\/amore-coffees.com\/wp-content\/uploads\/2025\/10\/cropped-Amore-Coffees-Logo.png","contentUrl":"https:\/\/amore-coffees.com\/wp-content\/uploads\/2025\/10\/cropped-Amore-Coffees-Logo.png","width":500,"height":500,"caption":"Amore Coffees"},"image":{"@id":"https:\/\/amore-coffees.com\/#\/schema\/logo\/image\/"}}]}},"_links":{"self":[{"href":"https:\/\/amore-coffees.com\/tr\/wp-json\/wp\/v2\/product\/8714","targetHints":{"allow":["GET"]}}],"collection":[{"href":"https:\/\/amore-coffees.com\/tr\/wp-json\/wp\/v2\/product"}],"about":[{"href":"https:\/\/amore-coffees.com\/tr\/wp-json\/wp\/v2\/types\/product"}],"replies":[{"embeddable":true,"href":"https:\/\/amore-coffees.com\/tr\/wp-json\/wp\/v2\/comments?post=8714"}],"wp:featuredmedia":[{"embeddable":true,"href":"https:\/\/amore-coffees.com\/tr\/wp-json\/wp\/v2\/media\/8715"}],"wp:attachment":[{"href":"https:\/\/amore-coffees.com\/tr\/wp-json\/wp\/v2\/media?parent=8714"}],"wp:term":[{"taxonomy":"product_brand","embeddable":true,"href":"https:\/\/amore-coffees.com\/tr\/wp-json\/wp\/v2\/product_brand?post=8714"},{"taxonomy":"product_cat","embeddable":true,"href":"https:\/\/amore-coffees.com\/tr\/wp-json\/wp\/v2\/product_cat?post=8714"},{"taxonomy":"product_tag","embeddable":true,"href":"https:\/\/amore-coffees.com\/tr\/wp-json\/wp\/v2\/product_tag?post=8714"}],"curies":[{"name":"wp","href":"https:\/\/api.w.org\/{rel}","templated":true}]}}