{"id":8950,"date":"2025-11-29T12:58:00","date_gmt":"2025-11-29T12:58:00","guid":{"rendered":"https:\/\/amore-coffees.com\/?page_id=8950"},"modified":"2025-11-29T13:02:47","modified_gmt":"2025-11-29T13:02:47","slug":"events","status":"publish","type":"page","link":"https:\/\/amore-coffees.com\/tr\/events\/","title":{"rendered":"Etkinlikler"},"content":{"rendered":"<div data-elementor-type=\"wp-post\" data-elementor-id=\"8950\" class=\"elementor elementor-8950\">\n\t\t\t\t<div class=\"elementor-element elementor-element-6cb2a4e e-flex e-con-boxed e-con e-parent\" data-id=\"6cb2a4e\" data-element_type=\"container\" data-e-type=\"container\" data-settings=\"{&quot;background_background&quot;:&quot;classic&quot;}\">\n\t\t\t\t\t<div class=\"e-con-inner\">\n\t\t<div class=\"elementor-element elementor-element-0d15fa8 e-con-full e-flex e-con e-child\" data-id=\"0d15fa8\" data-element_type=\"container\" data-e-type=\"container\">\n\t\t\t\t<div class=\"elementor-element elementor-element-8f7943d elementor-widget elementor-widget-heading\" data-id=\"8f7943d\" data-element_type=\"widget\" data-e-type=\"widget\" data-widget_type=\"heading.default\">\n\t\t\t\t<div class=\"elementor-widget-container\">\n\t\t\t\t\t<h1 class=\"elementor-heading-title elementor-size-default\">Etkinlikler<\/h1>\t\t\t\t<\/div>\n\t\t\t\t<\/div>\n\t\t\t\t<\/div>\n\t\t\t\t\t<\/div>\n\t\t\t\t<\/div>\n\t\t<div class=\"elementor-element elementor-element-4fbfe44 e-flex e-con-boxed e-con e-parent\" data-id=\"4fbfe44\" data-element_type=\"container\" data-e-type=\"container\" data-settings=\"{&quot;background_background&quot;:&quot;classic&quot;}\">\n\t\t\t\t\t<div class=\"e-con-inner\">\n\t\t<div class=\"elementor-element elementor-element-f9127d2 e-con-full e-flex e-con e-child\" data-id=\"f9127d2\" data-element_type=\"container\" data-e-type=\"container\" data-settings=\"{&quot;background_background&quot;:&quot;classic&quot;}\">\n\t\t\t\t<div class=\"elementor-element elementor-element-0ff9497 elementor-widget elementor-widget-image\" data-id=\"0ff9497\" data-element_type=\"widget\" data-e-type=\"widget\" data-widget_type=\"image.default\">\n\t\t\t\t<div class=\"elementor-widget-container\">\n\t\t\t\t\t\t\t\t\t\t\t\t\t\t\t<img decoding=\"async\" width=\"209\" height=\"90\" src=\"https:\/\/amore-coffees.com\/wp-content\/uploads\/2021\/03\/basil-leaf.png\" class=\"attachment-full size-full wp-image-4204\" alt=\"\" \/>\t\t\t\t\t\t\t\t\t\t\t\t\t\t\t<\/div>\n\t\t\t\t<\/div>\n\t\t<div class=\"elementor-element elementor-element-f1f3ac0 e-con-full e-flex e-con e-child\" data-id=\"f1f3ac0\" data-element_type=\"container\" data-e-type=\"container\">\n\t\t<div class=\"elementor-element elementor-element-98f4fe1 e-con-full e-flex e-con e-child\" data-id=\"98f4fe1\" data-element_type=\"container\" data-e-type=\"container\" data-settings=\"{&quot;background_background&quot;:&quot;classic&quot;}\">\n\t\t\t\t<div class=\"elementor-element elementor-element-1101b29 elementor-widget elementor-widget-heading\" data-id=\"1101b29\" data-element_type=\"widget\" data-e-type=\"widget\" data-widget_type=\"heading.default\">\n\t\t\t\t<div class=\"elementor-widget-container\">\n\t\t\t\t\t<h2 class=\"elementor-heading-title elementor-size-default\">Amore Coffees Etkinlikleri: Lezzetin Dostlukla Bulu\u015ftu\u011fu Yer<\/h2>\t\t\t\t<\/div>\n\t\t\t\t<\/div>\n\t\t\t\t<div class=\"elementor-element elementor-element-aef2a26 elementor-widget elementor-widget-text-editor\" data-id=\"aef2a26\" data-element_type=\"widget\" data-e-type=\"widget\" data-widget_type=\"text-editor.default\">\n\t\t\t\t<div class=\"elementor-widget-container\">\n\t\t\t\t\t\t\t\t\t<p data-path-to-node=\"4\">Amore Coffees'te kahve sadece bir i\u00e7ecek de\u011fil, bir deneyim, bir sanat bi\u00e7imidir. Etkinlikler sayfam\u0131z, tutkumuzu payla\u015fmak, yeni demleme tekniklerini ke\u015ffetmek ve toplulu\u011fumuzu bir araya getirmek i\u00e7in tasarlanm\u0131\u015ft\u0131r.<\/p><p data-path-to-node=\"5\">Tek ve ayr\u0131cal\u0131kl\u0131 ma\u011fazam\u0131zda d\u00fczenledi\u011fimiz etkinliklerimiz, samimi bir atmosferde derinlemesine bilgi edinme f\u0131rsat\u0131 sunuyor. Sizi Amore Coffees k\u00fclt\u00fcr\u00fcn\u00fc bizzat deneyimlemeye davet ediyoruz!<\/p>\t\t\t\t\t\t\t\t<\/div>\n\t\t\t\t<\/div>\n\t\t\t\t<div class=\"elementor-element elementor-element-aa1d2d9 elementor-widget elementor-widget-heading\" data-id=\"aa1d2d9\" data-element_type=\"widget\" data-e-type=\"widget\" data-widget_type=\"heading.default\">\n\t\t\t\t<div class=\"elementor-widget-container\">\n\t\t\t\t\t<h2 class=\"elementor-heading-title elementor-size-default\">Yakla\u015fan Etkinliklerimiz<\/h2>\t\t\t\t<\/div>\n\t\t\t\t<\/div>\n\t\t\t\t<div class=\"elementor-element elementor-element-9021589 elementor-widget elementor-widget-text-editor\" data-id=\"9021589\" data-element_type=\"widget\" data-e-type=\"widget\" data-widget_type=\"text-editor.default\">\n\t\t\t\t<div class=\"elementor-widget-container\">\n\t\t\t\t\t\t\t\t\t<p data-path-to-node=\"6\">Tad\u0131m seanslar\u0131ndan uygulamal\u0131 barista at\u00f6lyelerine kadar en son etkinliklerimizi a\u015fa\u011f\u0131da bulabilirsiniz. Kontenjan s\u0131n\u0131rl\u0131 oldu\u011fundan, ilgilendi\u011finiz etkinli\u011fe erken kay\u0131t yapt\u0131rman\u0131z\u0131 \u00f6neririz.<\/p>\t\t\t\t\t\t\t\t<\/div>\n\t\t\t\t<\/div>\n\t\t\t\t<\/div>\n\t\t\t\t<\/div>\n\t\t\t\t<\/div>\n\t\t\t\t\t<\/div>\n\t\t\t\t<\/div>\n\t\t\t\t<\/div>","protected":false},"excerpt":{"rendered":"<p>Events Amore Coffees Events: Where Flavor Meets Fellowship At Amore Coffees, coffee is not just a drink\u2014it\u2019s an experience, an [&hellip;]<\/p>\n","protected":false},"author":1,"featured_media":0,"parent":0,"menu_order":0,"comment_status":"closed","ping_status":"closed","template":"","meta":{"om_disable_all_campaigns":false,"site-sidebar-layout":"no-sidebar","site-content-layout":"page-builder","ast-site-content-layout":"full-width-container","site-content-style":"unboxed","site-sidebar-style":"unboxed","ast-global-header-display":"","ast-banner-title-visibility":"","ast-main-header-display":"","ast-hfb-above-header-display":"","ast-hfb-below-header-display":"","ast-hfb-mobile-header-display":"","site-post-title":"disabled","ast-breadcrumbs-content":"","ast-featured-img":"disabled","footer-sml-layout":"","ast-disable-related-posts":"","theme-transparent-header-meta":"enabled","adv-header-id-meta":"","stick-header-meta":"","header-above-stick-meta":"","header-main-stick-meta":"","header-below-stick-meta":"","astra-migrate-meta-layouts":"set","ast-page-background-enabled":"default","ast-page-background-meta":{"desktop":{"background-color":"","background-image":"","background-repeat":"repeat","background-position":"center center","background-size":"auto","background-attachment":"scroll","background-type":"","background-media":"","overlay-type":"","overlay-color":"","overlay-opacity":"","overlay-gradient":""},"tablet":{"background-color":"","background-image":"","background-repeat":"repeat","background-position":"center center","background-size":"auto","background-attachment":"scroll","background-type":"","background-media":"","overlay-type":"","overlay-color":"","overlay-opacity":"","overlay-gradient":""},"mobile":{"background-color":"","background-image":"","background-repeat":"repeat","background-position":"center center","background-size":"auto","background-attachment":"scroll","background-type":"","background-media":"","overlay-type":"","overlay-color":"","overlay-opacity":"","overlay-gradient":""}},"ast-content-background-meta":{"desktop":{"background-color":"var(--ast-global-color-5)","background-image":"","background-repeat":"repeat","background-position":"center center","background-size":"auto","background-attachment":"scroll","background-type":"","background-media":"","overlay-type":"","overlay-color":"","overlay-opacity":"","overlay-gradient":""},"tablet":{"background-color":"var(--ast-global-color-5)","background-image":"","background-repeat":"repeat","background-position":"center center","background-size":"auto","background-attachment":"scroll","background-type":"","background-media":"","overlay-type":"","overlay-color":"","overlay-opacity":"","overlay-gradient":""},"mobile":{"background-color":"var(--ast-global-color-5)","background-image":"","background-repeat":"repeat","background-position":"center center","background-size":"auto","background-attachment":"scroll","background-type":"","background-media":"","overlay-type":"","overlay-color":"","overlay-opacity":"","overlay-gradient":""}},"footnotes":""},"class_list":["post-8950","page","type-page","status-publish","hentry"],"yoast_head":"<!-- This site is optimized with the Yoast SEO plugin v27.0 - https:\/\/yoast.com\/product\/yoast-seo-wordpress\/ -->\n<title>Events - Amore Coffees<\/title>\n<meta name=\"robots\" content=\"index, follow, max-snippet:-1, max-image-preview:large, max-video-preview:-1\" \/>\n<link rel=\"canonical\" href=\"https:\/\/amore-coffees.com\/tr\/events\/\" \/>\n<meta property=\"og:locale\" content=\"tr_TR\" \/>\n<meta property=\"og:type\" content=\"article\" \/>\n<meta property=\"og:title\" content=\"Events - Amore Coffees\" \/>\n<meta property=\"og:description\" content=\"Events Amore Coffees Events: Where Flavor Meets Fellowship At Amore Coffees, coffee is not just a drink\u2014it\u2019s an experience, an [&hellip;]\" \/>\n<meta property=\"og:url\" content=\"https:\/\/amore-coffees.com\/tr\/events\/\" \/>\n<meta property=\"og:site_name\" content=\"Amore Coffees\" \/>\n<meta property=\"article:modified_time\" content=\"2025-11-29T13:02:47+00:00\" \/>\n<meta property=\"og:image\" content=\"https:\/\/amore-coffees.com\/wp-content\/uploads\/2021\/03\/basil-leaf.png\" \/>\n\t<meta property=\"og:image:width\" content=\"209\" \/>\n\t<meta property=\"og:image:height\" content=\"90\" \/>\n\t<meta property=\"og:image:type\" content=\"image\/png\" \/>\n<meta name=\"twitter:card\" content=\"summary_large_image\" \/>\n<meta name=\"twitter:label1\" content=\"Tahmini okuma s\u00fcresi\" \/>\n\t<meta name=\"twitter:data1\" content=\"1 dakika\" \/>\n<script type=\"application\/ld+json\" class=\"yoast-schema-graph\">{\"@context\":\"https:\/\/schema.org\",\"@graph\":[{\"@type\":\"WebPage\",\"@id\":\"https:\/\/amore-coffees.com\/events\/\",\"url\":\"https:\/\/amore-coffees.com\/events\/\",\"name\":\"Events - Amore Coffees\",\"isPartOf\":{\"@id\":\"https:\/\/amore-coffees.com\/#website\"},\"primaryImageOfPage\":{\"@id\":\"https:\/\/amore-coffees.com\/events\/#primaryimage\"},\"image\":{\"@id\":\"https:\/\/amore-coffees.com\/events\/#primaryimage\"},\"thumbnailUrl\":\"https:\/\/amore-coffees.com\/wp-content\/uploads\/2021\/03\/basil-leaf.png\",\"datePublished\":\"2025-11-29T12:58:00+00:00\",\"dateModified\":\"2025-11-29T13:02:47+00:00\",\"breadcrumb\":{\"@id\":\"https:\/\/amore-coffees.com\/events\/#breadcrumb\"},\"inLanguage\":\"tr\",\"potentialAction\":[{\"@type\":\"ReadAction\",\"target\":[\"https:\/\/amore-coffees.com\/events\/\"]}]},{\"@type\":\"ImageObject\",\"inLanguage\":\"tr\",\"@id\":\"https:\/\/amore-coffees.com\/events\/#primaryimage\",\"url\":\"https:\/\/amore-coffees.com\/wp-content\/uploads\/2021\/03\/basil-leaf.png\",\"contentUrl\":\"https:\/\/amore-coffees.com\/wp-content\/uploads\/2021\/03\/basil-leaf.png\"},{\"@type\":\"BreadcrumbList\",\"@id\":\"https:\/\/amore-coffees.com\/events\/#breadcrumb\",\"itemListElement\":[{\"@type\":\"ListItem\",\"position\":1,\"name\":\"Home\",\"item\":\"https:\/\/amore-coffees.com\/\"},{\"@type\":\"ListItem\",\"position\":2,\"name\":\"Events\"}]},{\"@type\":\"WebSite\",\"@id\":\"https:\/\/amore-coffees.com\/#website\",\"url\":\"https:\/\/amore-coffees.com\/\",\"name\":\"Amore Coffees\",\"description\":\"Love Story With Coffee\",\"publisher\":{\"@id\":\"https:\/\/amore-coffees.com\/#organization\"},\"potentialAction\":[{\"@type\":\"SearchAction\",\"target\":{\"@type\":\"EntryPoint\",\"urlTemplate\":\"https:\/\/amore-coffees.com\/?s={search_term_string}\"},\"query-input\":{\"@type\":\"PropertyValueSpecification\",\"valueRequired\":true,\"valueName\":\"search_term_string\"}}],\"inLanguage\":\"tr\"},{\"@type\":\"Organization\",\"@id\":\"https:\/\/amore-coffees.com\/#organization\",\"name\":\"Amore Coffees\",\"url\":\"https:\/\/amore-coffees.com\/\",\"logo\":{\"@type\":\"ImageObject\",\"inLanguage\":\"tr\",\"@id\":\"https:\/\/amore-coffees.com\/#\/schema\/logo\/image\/\",\"url\":\"https:\/\/amore-coffees.com\/wp-content\/uploads\/2025\/10\/cropped-Amore-Coffees-Logo.png\",\"contentUrl\":\"https:\/\/amore-coffees.com\/wp-content\/uploads\/2025\/10\/cropped-Amore-Coffees-Logo.png\",\"width\":500,\"height\":500,\"caption\":\"Amore Coffees\"},\"image\":{\"@id\":\"https:\/\/amore-coffees.com\/#\/schema\/logo\/image\/\"}}]}<\/script>\n<!-- \/ Yoast SEO plugin. -->","yoast_head_json":{"title":"Events - Amore Coffees","robots":{"index":"index","follow":"follow","max-snippet":"max-snippet:-1","max-image-preview":"max-image-preview:large","max-video-preview":"max-video-preview:-1"},"canonical":"https:\/\/amore-coffees.com\/tr\/events\/","og_locale":"tr_TR","og_type":"article","og_title":"Events - Amore Coffees","og_description":"Events Amore Coffees Events: Where Flavor Meets Fellowship At Amore Coffees, coffee is not just a drink\u2014it\u2019s an experience, an [&hellip;]","og_url":"https:\/\/amore-coffees.com\/tr\/events\/","og_site_name":"Amore Coffees","article_modified_time":"2025-11-29T13:02:47+00:00","og_image":[{"width":209,"height":90,"url":"https:\/\/amore-coffees.com\/wp-content\/uploads\/2021\/03\/basil-leaf.png","type":"image\/png"}],"twitter_card":"summary_large_image","twitter_misc":{"Tahmini okuma s\u00fcresi":"1 dakika"},"schema":{"@context":"https:\/\/schema.org","@graph":[{"@type":"WebPage","@id":"https:\/\/amore-coffees.com\/events\/","url":"https:\/\/amore-coffees.com\/events\/","name":"Events - Amore Coffees","isPartOf":{"@id":"https:\/\/amore-coffees.com\/#website"},"primaryImageOfPage":{"@id":"https:\/\/amore-coffees.com\/events\/#primaryimage"},"image":{"@id":"https:\/\/amore-coffees.com\/events\/#primaryimage"},"thumbnailUrl":"https:\/\/amore-coffees.com\/wp-content\/uploads\/2021\/03\/basil-leaf.png","datePublished":"2025-11-29T12:58:00+00:00","dateModified":"2025-11-29T13:02:47+00:00","breadcrumb":{"@id":"https:\/\/amore-coffees.com\/events\/#breadcrumb"},"inLanguage":"tr","potentialAction":[{"@type":"ReadAction","target":["https:\/\/amore-coffees.com\/events\/"]}]},{"@type":"ImageObject","inLanguage":"tr","@id":"https:\/\/amore-coffees.com\/events\/#primaryimage","url":"https:\/\/amore-coffees.com\/wp-content\/uploads\/2021\/03\/basil-leaf.png","contentUrl":"https:\/\/amore-coffees.com\/wp-content\/uploads\/2021\/03\/basil-leaf.png"},{"@type":"BreadcrumbList","@id":"https:\/\/amore-coffees.com\/events\/#breadcrumb","itemListElement":[{"@type":"ListItem","position":1,"name":"Home","item":"https:\/\/amore-coffees.com\/"},{"@type":"ListItem","position":2,"name":"Events"}]},{"@type":"WebSite","@id":"https:\/\/amore-coffees.com\/#website","url":"https:\/\/amore-coffees.com\/","name":"Amore Coffees","description":"Kahve ile A\u015fk Hikayesi","publisher":{"@id":"https:\/\/amore-coffees.com\/#organization"},"potentialAction":[{"@type":"SearchAction","target":{"@type":"EntryPoint","urlTemplate":"https:\/\/amore-coffees.com\/?s={search_term_string}"},"query-input":{"@type":"PropertyValueSpecification","valueRequired":true,"valueName":"search_term_string"}}],"inLanguage":"tr"},{"@type":"Organization","@id":"https:\/\/amore-coffees.com\/#organization","name":"Amore Coffees","url":"https:\/\/amore-coffees.com\/","logo":{"@type":"ImageObject","inLanguage":"tr","@id":"https:\/\/amore-coffees.com\/#\/schema\/logo\/image\/","url":"https:\/\/amore-coffees.com\/wp-content\/uploads\/2025\/10\/cropped-Amore-Coffees-Logo.png","contentUrl":"https:\/\/amore-coffees.com\/wp-content\/uploads\/2025\/10\/cropped-Amore-Coffees-Logo.png","width":500,"height":500,"caption":"Amore Coffees"},"image":{"@id":"https:\/\/amore-coffees.com\/#\/schema\/logo\/image\/"}}]}},"_links":{"self":[{"href":"https:\/\/amore-coffees.com\/tr\/wp-json\/wp\/v2\/pages\/8950","targetHints":{"allow":["GET"]}}],"collection":[{"href":"https:\/\/amore-coffees.com\/tr\/wp-json\/wp\/v2\/pages"}],"about":[{"href":"https:\/\/amore-coffees.com\/tr\/wp-json\/wp\/v2\/types\/page"}],"author":[{"embeddable":true,"href":"https:\/\/amore-coffees.com\/tr\/wp-json\/wp\/v2\/users\/1"}],"replies":[{"embeddable":true,"href":"https:\/\/amore-coffees.com\/tr\/wp-json\/wp\/v2\/comments?post=8950"}],"version-history":[{"count":4,"href":"https:\/\/amore-coffees.com\/tr\/wp-json\/wp\/v2\/pages\/8950\/revisions"}],"predecessor-version":[{"id":8954,"href":"https:\/\/amore-coffees.com\/tr\/wp-json\/wp\/v2\/pages\/8950\/revisions\/8954"}],"wp:attachment":[{"href":"https:\/\/amore-coffees.com\/tr\/wp-json\/wp\/v2\/media?parent=8950"}],"curies":[{"name":"wp","href":"https:\/\/api.w.org\/{rel}","templated":true}]}}